{"id":23,"date":"2016-12-20T23:54:49","date_gmt":"2016-12-20T22:54:49","guid":{"rendered":"http:\/\/musterstadt.minicms.wasserwacht.de\/?page_id=23"},"modified":"2019-06-17T19:21:06","modified_gmt":"2019-06-17T17:21:06","slug":"impressum","status":"publish","type":"page","link":"https:\/\/www.wasserwacht-rottach-egern.de\/","title":{"rendered":"Impressum"},"content":{"rendered":"<h2>Herausgeber<\/h2>\n<p>Bayerisches Rotes Kreuz<br \/>\nKreisverband Miesbach<br \/>\nWendelsteinstra\u00dfe 9<\/p>\n<p>83714 Miesbach<br \/>\nTelefon: 08025\/2825-0<br \/>\nE-Mail: info@kvmiesbach.brk.de<\/p>\n<h2>Inhaltlich Verantwortlicher gem\u00e4\u00df \u00a7 10 Absatz 3 MDStV.<\/h2>\n<p>Bayerisches Rotes Kreuz<br \/>\nK\u00f6rperschaft des \u00f6ffentlichen Rechts<br \/>\nLandesgesch\u00e4ftsstelle<br \/>\nGarmischer Stra\u00dfe 19 &#8211; 21<br \/>\n81373 M\u00fcnchen<\/p>\n<p>Telefon: 089 \/ 9241-0<br \/>\nTelefax: 089 \/ 9241-1200<br \/>\nE-Mail : <a>info(at)brk.de<\/a><\/p>\n<p>Pr\u00e4sidentin: Angelika Schorer, MdL<br \/>\nLandesgesch\u00e4ftsf\u00fchrer: Leonhard St\u00e4rk und Wolfgang Obermair<\/p>\n<p><i>Das Bayerische Rote Kreuz ist gem\u00e4\u00df Gesetz \u00fcber die Rechtsstellung des Bayerischen Roten Kreuzes vom 16.07.1986, ge\u00e4ndert durch Gesetz vom 27.12.1999, eine K\u00f6rperschaft des \u00f6ffentlichen Rechts mit Sitz in M\u00fcnchen. Weiteres wird in der BRK-Satzung geregelt. Zust\u00e4ndige Aufsichtsbeh\u00f6rde ist das Bayerische Staatsministerium des Inneren.<br \/>\nDas Bayerische Rote Kreuz, Kd\u00f6R, wird gesetzlich vertreten durch den Pr\u00e4sidenten. Der Pr\u00e4sident wird im \u00f6rtlichen und sachlichen Zust\u00e4ndigkeitsbereich der Bezirks- (\u00a7\u00a7 33 und 34 der BRK-Satzung) und Kreisverb\u00e4nde (\u00a7\u00a723 und 24 der BRK-Satzung) durch deren jeweiligen Vorsitzenden vertreten.<\/i><\/p>\n","protected":false},"excerpt":{"rendered":"<p>Herausgeber Bayerisches Rotes Kreuz Kreisverband Miesbach Wendelsteinstra\u00dfe 9 83714 Miesbach Telefon: 08025\/2825-0 E-Mail: info@kvmiesbach.brk.de Inhaltlich Verantwortlicher gem\u00e4\u00df \u00a7 10 Absatz 3 MDStV. Bayerisches Rotes Kreuz K\u00f6rperschaft des \u00f6ffentlichen Rechts Landesgesch\u00e4ftsstelle Garmischer Stra\u00dfe 19 &#8211; 21 81373 M\u00fcnchen Telefon: 089 \/ 9241-0 Telefax: 089 \/ 9241-1200 E-Mail : info(at)brk.de Pr\u00e4sidentin: Angelika Schorer, MdL Landesgesch\u00e4ftsf\u00fchrer: Leonhard St\u00e4rk [&hellip;]<\/p>\n","protected":false},"author":1,"featured_media":0,"parent":0,"menu_order":0,"comment_status":"closed","ping_status":"closed","template":"","meta":{"footnotes":""},"class_list":["post-23","page","type-page","status-publish","hentry"],"_links":{"self":[{"href":"https:\/\/www.wasserwacht-rottach-egern.de\/index.php?rest_route=\/wp\/v2\/pages\/23","targetHints":{"allow":["GET"]}}],"collection":[{"href":"https:\/\/www.wasserwacht-rottach-egern.de\/index.php?rest_route=\/wp\/v2\/pages"}],"about":[{"href":"https:\/\/www.wasserwacht-rottach-egern.de\/index.php?rest_route=\/wp\/v2\/types\/page"}],"author":[{"embeddable":true,"href":"https:\/\/www.wasserwacht-rottach-egern.de\/index.php?rest_route=\/wp\/v2\/users\/1"}],"replies":[{"embeddable":true,"href":"https:\/\/www.wasserwacht-rottach-egern.de\/index.php?rest_route=%2Fwp%2Fv2%2Fcomments&post=23"}],"version-history":[{"count":1,"href":"https:\/\/www.wasserwacht-rottach-egern.de\/index.php?rest_route=\/wp\/v2\/pages\/23\/revisions"}],"predecessor-version":[{"id":65,"href":"https:\/\/www.wasserwacht-rottach-egern.de\/index.php?rest_route=\/wp\/v2\/pages\/23\/revisions\/65"}],"wp:attachment":[{"href":"https:\/\/www.wasserwacht-rottach-egern.de\/index.php?rest_route=%2Fwp%2Fv2%2Fmedia&parent=23"}],"curies":[{"name":"wp","href":"https:\/\/api.w.org\/{rel}","templated":true}]}}